{"id":9041,"date":"2024-05-13T17:28:42","date_gmt":"2024-05-13T15:28:42","guid":{"rendered":"https:\/\/www.euroceppi.com\/privacy-policy\/"},"modified":"2024-05-13T17:29:37","modified_gmt":"2024-05-13T15:29:37","slug":"privacy-policy","status":"publish","type":"page","link":"https:\/\/www.euroceppi.com\/fr\/privacy-policy\/","title":{"rendered":"Privacy policy"},"content":{"rendered":"\t\t<div data-elementor-type=\"wp-post\" data-elementor-id=\"9041\" class=\"elementor elementor-9041 elementor-4757\" data-elementor-post-type=\"page\">\n\t\t\t\t\t\t<section data-particle_enable=\"false\" data-particle-mobile-disabled=\"false\" class=\"elementor-section elementor-top-section elementor-element elementor-element-2d574f1 elementor-section-full_width elementor-section-height-min-height elementor-section-stretched elementor-section-height-default elementor-section-items-middle\" data-id=\"2d574f1\" data-element_type=\"section\" data-settings=\"{&quot;stretch_section&quot;:&quot;section-stretched&quot;,&quot;background_background&quot;:&quot;classic&quot;}\">\n\t\t\t\t\t\t\t<div class=\"elementor-background-overlay\"><\/div>\n\t\t\t\t\t\t\t<div class=\"elementor-container elementor-column-gap-default\">\n\t\t\t\t\t<div class=\"elementor-column elementor-col-100 elementor-top-column elementor-element elementor-element-d0f6282 elementor-invisible\" data-id=\"d0f6282\" data-element_type=\"column\" data-settings=\"{&quot;animation&quot;:&quot;fadeIn&quot;}\">\n\t\t\t<div class=\"elementor-widget-wrap elementor-element-populated\">\n\t\t\t\t\t\t<div class=\"elementor-element elementor-element-e91d9e2 elementor-widget elementor-widget-heading\" data-id=\"e91d9e2\" data-element_type=\"widget\" data-widget_type=\"heading.default\">\n\t\t\t\t<div class=\"elementor-widget-container\">\n\t\t\t<style>\/*! elementor - v3.20.0 - 13-03-2024 *\/\n.elementor-heading-title{padding:0;margin:0;line-height:1}.elementor-widget-heading .elementor-heading-title[class*=elementor-size-]>a{color:inherit;font-size:inherit;line-height:inherit}.elementor-widget-heading .elementor-heading-title.elementor-size-small{font-size:15px}.elementor-widget-heading .elementor-heading-title.elementor-size-medium{font-size:19px}.elementor-widget-heading .elementor-heading-title.elementor-size-large{font-size:29px}.elementor-widget-heading .elementor-heading-title.elementor-size-xl{font-size:39px}.elementor-widget-heading .elementor-heading-title.elementor-size-xxl{font-size:59px}<\/style><h1 class=\"elementor-heading-title elementor-size-xxl\">Privacy policy<\/h1>\t\t<\/div>\n\t\t\t\t<\/div>\n\t\t\t\t<div class=\"elementor-element elementor-element-4d2120e elementor-widget elementor-widget-woocommerce-breadcrumb\" data-id=\"4d2120e\" data-element_type=\"widget\" data-widget_type=\"woocommerce-breadcrumb.default\">\n\t\t\t\t<div class=\"elementor-widget-container\">\n\t\t\t<link rel=\"stylesheet\" href=\"https:\/\/www.euroceppi.com\/wp-content\/plugins\/elementor-pro\/assets\/css\/widget-woocommerce.min.css\"><nav class=\"woocommerce-breadcrumb\" aria-label=\"Breadcrumb\">Home<\/nav>\t\t<\/div>\n\t\t\t\t<\/div>\n\t\t\t\t\t<\/div>\n\t\t<\/div>\n\t\t\t\t\t<\/div>\n\t\t<\/section>\n\t\t\t\t<section data-particle_enable=\"false\" data-particle-mobile-disabled=\"false\" class=\"elementor-section elementor-top-section elementor-element elementor-element-356ae53 elementor-section-boxed elementor-section-height-default elementor-section-height-default\" data-id=\"356ae53\" data-element_type=\"section\">\n\t\t\t\t\t\t<div class=\"elementor-container elementor-column-gap-default\">\n\t\t\t\t\t<div class=\"elementor-column elementor-col-100 elementor-top-column elementor-element elementor-element-fca0cc1\" data-id=\"fca0cc1\" data-element_type=\"column\">\n\t\t\t<div class=\"elementor-widget-wrap\">\n\t\t\t\t\t\t\t<\/div>\n\t\t<\/div>\n\t\t\t\t\t<\/div>\n\t\t<\/section>\n\t\t\t\t<section data-particle_enable=\"false\" data-particle-mobile-disabled=\"false\" class=\"elementor-section elementor-top-section elementor-element elementor-element-cef1536 elementor-section-content-middle elementor-section-boxed elementor-section-height-default elementor-section-height-default\" data-id=\"cef1536\" data-element_type=\"section\" id=\"first-sec\">\n\t\t\t\t\t\t<div class=\"elementor-container elementor-column-gap-default\">\n\t\t\t\t\t<div class=\"elementor-column elementor-col-100 elementor-top-column elementor-element elementor-element-ba41335 elementor-invisible\" data-id=\"ba41335\" data-element_type=\"column\" data-settings=\"{&quot;animation&quot;:&quot;fadeInLeft&quot;}\">\n\t\t\t<div class=\"elementor-widget-wrap elementor-element-populated\">\n\t\t\t\t\t\t<div class=\"elementor-element elementor-element-3ee3f3c elementor-widget elementor-widget-html\" data-id=\"3ee3f3c\" data-element_type=\"widget\" data-widget_type=\"html.default\">\n\t\t\t\t<div class=\"elementor-widget-container\">\n\t\t\t<style>\r\n    .privacy-policy-h1 {\r\n        font-size: 3em;\r\n        font-weight: 700;\r\n        margin-bottom: 20px;\r\n        margin-top: 20px;\r\n    }\r\n<\/style>\r\n\r\n\r\n<h1 class=\"privacy-policy-h1\">Politique de confidentialit\u00e9<\/h1>\r\n<p>\r\n    Date d'entr\u00e9e en vigueur : 01 septembre 2021 <br \/>\r\n    Derni\u00e8re mise \u00e0 jour : 13 mai 2024\r\n<\/p>\r\n\r\n<br \/>\r\n\r\n<p>\r\n    Cette page d\u00e9crit les modalit\u00e9s de gestion du site concernant le traitement des donn\u00e9es personnelles des utilisateurs qui le consultent, conform\u00e9ment \u00e0 l'art.13 du d.lgs. n.196\/2003 et \u00e0 l'art.13 du R\u00e8glement europ\u00e9en n.679\/2016. Il est pr\u00e9cis\u00e9 que l'information concerne exclusivement le site de Euroceppi S.r.l. (https:\/\/www.euroceppi.com\/) et ne s'applique pas aux autres sites \u00e9ventuellement visit\u00e9s via des liens, pour lesquels les politiques de confidentialit\u00e9 respectives sont renvoy\u00e9es.\r\n<\/p>\r\n<p>\r\n    Il est important de noter que le portail contient des liens vers d'autres sites non g\u00e9r\u00e9s par Euroceppi S.r.l., et par cons\u00e9quent, l'entreprise d\u00e9cline toute responsabilit\u00e9 quant aux erreurs, contenus, cookies, publicit\u00e9s, ou violations \u00e9ventuelles des normes de confidentialit\u00e9 de ces sites. Pour signaler des dysfonctionnements ou des abus, il est possible de contacter <a href=\"mailto:info@euroceppi.com\">info@euroceppi.com<\/a>.\r\n<\/p>\r\n<p>    \r\n    La pr\u00e9sente Politique de confidentialit\u00e9 d\u00e9taille les politiques de Euroceppi S.r.l. concernant la collecte, l'utilisation et la divulgation des informations des utilisateurs du site https:\/\/www.euroceppi.com. L'acc\u00e8s ou l'utilisation du service implique l'acceptation de cette politique.\r\n<\/p>\r\n<p>    \r\n    Veuillez noter que la Politique de confidentialit\u00e9 peut \u00eatre modifi\u00e9e, ces modifications seront publi\u00e9es sur le site et deviendront effectives 180 jours apr\u00e8s leur publication. L'utilisateur est invit\u00e9 \u00e0 v\u00e9rifier p\u00e9riodiquement la Politique.\r\n<\/p>\r\n<h5>LE \"TITULAIRE\" DU TRAITEMENT<\/h5>\r\n<p>\r\n    \u00c0 la suite de la consultation de ce site, des donn\u00e9es concernant des personnes identifi\u00e9es ou identifiables peuvent \u00eatre trait\u00e9es. Le \"responsable\" de leur traitement est Euroceppi S.r.l. ayant son si\u00e8ge social et op\u00e9rationnel \u00e0 Via Dante Alighieri, 56 - 24040 Stezzano (BG) - Italie.\r\n<\/p>\r\n\r\n<h5>LIEU DE TRAITEMENT DES DONN\u00c9ES<\/h5>\r\n<p>\r\n    Les traitements li\u00e9s aux services web offerts par ce site sont effectu\u00e9s au si\u00e8ge de la soci\u00e9t\u00e9 op\u00e9ratrice du responsable du traitement et sont g\u00e9r\u00e9s uniquement par des employ\u00e9s, collaborateurs ou associ\u00e9s d'Euroceppi S.r.l. charg\u00e9s du traitement ou, si n\u00e9cessaire, par des associ\u00e9s, employ\u00e9s et collaborateurs de soci\u00e9t\u00e9s li\u00e9es ou particip\u00e9es par Euroceppi S.r.l., ou par des personnes charg\u00e9es d'op\u00e9rations de maintenance occasionnelles, ces derni\u00e8res \u00e9tant sous la stricte surveillance du Responsable du traitement. Aucune donn\u00e9e issue du service web n'est communiqu\u00e9e ou diffus\u00e9e \u00e0 des tiers. Les donn\u00e9es personnelles fournies par les utilisateurs acc\u00e9dant au service sont utilis\u00e9es uniquement dans le but d'ex\u00e9cuter le service lui-m\u00eame ou la prestation demand\u00e9e et sont communiqu\u00e9es \u00e0 des tiers uniquement si cela est n\u00e9cessaire \u00e0 cette fin.\r\n<\/p>\r\n\r\n<h5>TYPES DE DONN\u00c9ES TRAIT\u00c9ES<\/h5>\r\n<p>\r\n    Donn\u00e9es de navigation. <br \/>\r\n    Les syst\u00e8mes informatiques et les proc\u00e9dures logicielles utilis\u00e9es pour le fonctionnement de ce site web acqui\u00e8rent, au cours de leur fonctionnement normal, certaines donn\u00e9es personnelles dont la transmission est implicite dans l'utilisation des protocoles de communication d'Internet. <br \/>\r\n    Il s'agit d'informations qui ne sont pas collect\u00e9es pour \u00eatre associ\u00e9es \u00e0 des personnes identifi\u00e9es, mais qui, par leur nature m\u00eame, pourraient, par le biais de traitements et d'associations avec des donn\u00e9es d\u00e9tenues par des tiers, permettre d'identifier les utilisateurs. <br \/>\r\n    Cette cat\u00e9gorie de donn\u00e9es comprend les adresses IP ou les noms de domaine des ordinateurs utilis\u00e9s par les utilisateurs se connectant au site, les adresses en notation URI (Uniform Resource Identifier) des ressources demand\u00e9es, l'heure de la demande, la m\u00e9thode utilis\u00e9e pour soumettre la demande au serveur, la taille du fichier obtenu en r\u00e9ponse, le code num\u00e9rique indiquant le statut de la r\u00e9ponse donn\u00e9e par le serveur (r\u00e9ussite, erreur, etc.) et d'autres param\u00e8tres relatifs au syst\u00e8me d'exploitation et \u00e0 l'environnement informatique de l'utilisateur. <br \/>\r\n    Ces donn\u00e9es sont utilis\u00e9es uniquement dans le but d'obtenir des informations statistiques anonymes sur l'utilisation du site et de contr\u00f4ler son bon fonctionnement, et sont imm\u00e9diatement effac\u00e9es apr\u00e8s leur traitement. <br \/>\r\n    Ces donn\u00e9es peuvent \u00e9galement \u00eatre utilis\u00e9es pour \u00e9tablir la responsabilit\u00e9 en cas d'\u00e9ventuelles infractions informatiques \u00e0 l'encontre de notre site. <br \/>\r\n    Elles pourront \u00e9galement \u00eatre communiqu\u00e9es, \u00e0 la demande des autorit\u00e9s publiques et des administrations de l'\u00c9tat pour des finalit\u00e9s li\u00e9es \u00e0 l'accomplissement des obligations l\u00e9gales, pour des raisons d'enqu\u00eate, d'identification et de r\u00e9pression d'infractions administratives, fiscales, comptables, fiscales et p\u00e9nales.\r\n<\/p>\r\n\r\n<h5>DONN\u00c9ES FOURNIES VOLONTAIREMENT PAR L'UTILISATEUR<\/h5>\r\n<p>\r\n    L'envoi facultatif, explicite et volontaire de courriers \u00e9lectroniques aux adresses indiqu\u00e9es sur ce site entra\u00eene l'acquisition ult\u00e9rieure de l'adresse de l'exp\u00e9diteur, n\u00e9cessaire pour r\u00e9pondre aux demandes, ainsi que de toute autre donn\u00e9e personnelle incluse dans la correspondance. <br \/>\r\n    Des informations synth\u00e9tiques sp\u00e9cifiques seront progressivement rapport\u00e9es ou affich\u00e9es sur les pages du site pr\u00e9vues pour des services sp\u00e9cifiques sur demande. <br \/>\r\n    Nous invitons nos utilisateurs, lors de demandes de services ou de questions, \u00e0 respecter le principe de n\u00e9cessit\u00e9 et de minimisation des donn\u00e9es et, par cons\u00e9quent, \u00e0 ne pas envoyer de noms ou d'autres donn\u00e9es personnelles de tiers qui ne sont pas strictement n\u00e9cessaires. <br \/>\r\n    Le site https:\/\/www.euroceppi.com\/ effectue des op\u00e9rations de traitement des donn\u00e9es que vous fournissez lors de votre inscription aux services propos\u00e9s : <br \/>\r\n    <ol>\r\n        <li>\r\n            acc\u00e8s aux comptes sur des services tiers (Facebook, Twitter, Linkedin, Youtube);\r\n        <\/li>\r\n        <li>\r\n            possibilit\u00e9 pour l'utilisateur d'\u00eatre contact\u00e9 directement (selon les modalit\u00e9s indiqu\u00e9es) et \u00e9galement via des listes de diffusion ou des newsletters, \u00e0 des fins commerciales, promotionnelles, publicitaires ou de vente directe concernant les produits, services, informations et mises \u00e0 jour sur les r\u00e9glementations d'int\u00e9r\u00eat d'Euroceppi S.r.l. ou des soci\u00e9t\u00e9s li\u00e9es \u00e0 Euroceppi S.r.l., pour la r\u00e9alisation d'\u00e9tudes de march\u00e9, pour des invitations \u00e0 des \u00e9v\u00e9nements ou des initiatives de relations publiques, d'\u00e9tudes, de conf\u00e9rences, ou de pr\u00e9sentation des produits et services de notre soci\u00e9t\u00e9 ou des soci\u00e9t\u00e9s li\u00e9es \u00e0 Euroceppi S.r.l., organis\u00e9s \u00e0 nos installations ou ailleurs, uniquement si vous \u00eates inscrit dans la section \"Contacts\" - \"Demandez des informations\" - \"Travaillez avec nous\" selon les modalit\u00e9s que vous avez indiqu\u00e9es ou avez express\u00e9ment donn\u00e9 votre consentement \u00e0 cette fin, avec la possibilit\u00e9 \u00e0 tout moment de demander la suppression selon la m\u00e9thode opt-out.\r\n        <\/li>\r\n    <\/ol>\r\n<\/p>\r\n\r\n<h5>COMMENT NOUS UTILISONS VOS INFORMATIONS<\/h5>\r\n<p>\r\n    Nous utiliserons les informations que nous recueillons \u00e0 votre sujet aux fins suivantes :\r\n    <ol>\r\n        <li>Marketing\/Promotionnel;<\/li>\r\n        <li>Collecte des retours clients;<\/li>\r\n        <li>Application des conditions g\u00e9n\u00e9rales;<\/li>\r\n        <li>Publicit\u00e9 cibl\u00e9e;<\/li>\r\n        <li>Gestion des commandes clients;<\/li>\r\n    <\/ol>\r\n    Si nous souhaitons utiliser vos informations \u00e0 toute autre fin, nous vous demanderons votre consentement et n'utiliserons vos informations qu'apr\u00e8s avoir re\u00e7u votre consentement et, par cons\u00e9quent, uniquement pour l'objectif ou les objectifs pour lesquels nous avons donn\u00e9 notre consentement, sauf si la loi nous oblige \u00e0 proc\u00e9der diff\u00e9remment.\r\n<\/p>\r\n\r\n<h5>FACULTATIVIT\u00c9 DE LA TRANSMISSION DES DONN\u00c9ES<\/h5>\r\n<p>\r\n    Outre ce qui est sp\u00e9cifi\u00e9 pour les donn\u00e9es de navigation, l'utilisateur est libre de fournir les donn\u00e9es personnelles mentionn\u00e9es dans les formulaires de demande \u00e0 Euroceppi S.r.l. <br \/>\r\n    \r\n    Leur non-fourniture peut entra\u00eener l'impossibilit\u00e9 d'obtenir ce qui est demand\u00e9.\r\n<\/p>\r\n\r\n<h5>COOKIES<\/h5>\r\n<p>\r\n    Pour en savoir plus sur les modalit\u00e9s d'utilisation et sur les choix de l'utilisateur concernant ces technologies de suivi, veuillez consulter notre <a href=\"https:\/\/www.euroceppi.com\/fr\/cookie-policy\/\">Politique en mati\u00e8re de cookies<\/a>.\r\n<\/p>\r\n\r\n<h5>MODALIT\u00c9S DE TRAITEMENT<\/h5>\r\n<p>\r\n    Les donn\u00e9es personnelles sont trait\u00e9es par des moyens automatis\u00e9s pour la dur\u00e9e strictement n\u00e9cessaire \u00e0 la r\u00e9alisation des finalit\u00e9s pour lesquelles elles ont \u00e9t\u00e9 collect\u00e9es. Des mesures de s\u00e9curit\u00e9 et organisationnelles sp\u00e9cifiques et appropri\u00e9es sont observ\u00e9es pour pr\u00e9venir la perte de donn\u00e9es, les utilisations illicites ou incorrectes et les acc\u00e8s non autoris\u00e9s.\r\n<\/p>\r\n\r\n<h5>DROITS DES PERSONNES CONCERN\u00c9ES<\/h5>\r\n<p>\r\n    Les personnes concern\u00e9es par les donn\u00e9es personnelles ont le droit, \u00e0 tout moment, d'obtenir la confirmation de l'existence ou non de ces donn\u00e9es, d'en conna\u00eetre le contenu et l'origine, d'en v\u00e9rifier l'exactitude ou d'en demander l'int\u00e9gration ou la mise \u00e0 jour, ou la rectification, conform\u00e9ment \u00e0 la l\u00e9gislation en vigueur. <br \/>\r\n    Conform\u00e9ment \u00e0 la l\u00e9gislation en vigueur, la personne concern\u00e9e\/l'utilisateur a le droit de demander la suppression, la transformation en forme anonyme ou le blocage des donn\u00e9es trait\u00e9es en violation de la loi, ainsi que de s'opposer en tout cas, pour des raisons l\u00e9gitimes, \u00e0 leur traitement. <br \/>\r\n    Les demandes doivent \u00eatre adress\u00e9es \u00e0 Euroceppi S.r.l. \u00e0 son si\u00e8ge op\u00e9rationnel ou par lettre recommand\u00e9e avec accus\u00e9 de r\u00e9ception ou par communication \u00e0 l'adresse <a href=\"mailto:info@euroceppi.com\">info@euroceppi.com<\/a>. <br \/>\r\n    En cas de traitement jug\u00e9 illicite, il est possible de recourir \u00e0 l'Autorit\u00e9 de protection des donn\u00e9es ou de saisir l'autorit\u00e9 judiciaire territorialement comp\u00e9tente. <br \/>\r\n    Veuillez noter que si vous refusez la collecte ou le traitement des informations personnelles demand\u00e9es ou si vous retirez votre consentement au traitement de ces informations aux fins demand\u00e9es, il se peut que vous ne puissiez pas acc\u00e9der ou utiliser les services pour lesquels les informations ont \u00e9t\u00e9 demand\u00e9es.\r\n<\/p>\r\n\r\n<h5>CONSERVATION DES INFORMATIONS DE L'UTILISATEUR<\/h5>\r\n<p>\r\n    Nous conserverons les informations personnelles de l'utilisateur pendant une p\u00e9riode de 90 jours \u00e0 2 ans apr\u00e8s que le compte de l'utilisateur est rest\u00e9 inactif ou pour toute la dur\u00e9e n\u00e9cessaire \u00e0 la r\u00e9alisation des finalit\u00e9s pour lesquelles elles ont \u00e9t\u00e9 collect\u00e9es, comme sp\u00e9cifi\u00e9 dans la pr\u00e9sente Politique de confidentialit\u00e9. Il peut \u00eatre n\u00e9cessaire de conserver certaines informations plus longtemps, par exemple pour la conservation des donn\u00e9es\/relations conform\u00e9ment \u00e0 la loi applicable ou pour d'autres raisons l\u00e9gitimes telles que l'application des droits l\u00e9gaux, la pr\u00e9vention de la fraude, etc. Les informations anonymes r\u00e9siduelles et les informations agr\u00e9g\u00e9es, qui n'identifient pas l'utilisateur (directement ou indirectement), peuvent \u00eatre conserv\u00e9es ind\u00e9finiment.\r\n<\/p>\r\n\r\n<h5>S\u00c9CURIT\u00c9<\/h5>\r\n<p>\r\n    La s\u00e9curit\u00e9 de vos informations est importante pour nous et nous utiliserons des mesures de s\u00e9curit\u00e9 raisonnables pour pr\u00e9venir la perte, l'utilisation abusive ou la modification non autoris\u00e9e de vos informations sous notre contr\u00f4le. Cependant, compte tenu des risques inh\u00e9rents, nous ne pouvons garantir une s\u00e9curit\u00e9 absolue et, par cons\u00e9quent, nous ne pouvons assurer ou garantir la s\u00e9curit\u00e9 des informations que vous nous transmettez et le faites \u00e0 vos propres risques.\r\n<\/p>\r\n\r\n<h5>RESPONSABLE DES PLAINTES ET DE LA PROTECTION DES DONN\u00c9ES<\/h5>\r\n<p>\r\n    Si vous avez des questions ou des doutes sur le traitement de vos informations disponibles aupr\u00e8s de nous, vous pouvez envoyer un e-mail \u00e0 l'adresse <a href=\"mailto:info@euroceppi.com\">info@euroceppi.com<\/a>. Nous traiterons vos questions conform\u00e9ment \u00e0 la loi applicable.\r\n<\/p>\r\n\t\t<\/div>\n\t\t\t\t<\/div>\n\t\t\t\t\t<\/div>\n\t\t<\/div>\n\t\t\t\t\t<\/div>\n\t\t<\/section>\n\t\t\t\t<\/div>\n\t\t","protected":false},"excerpt":{"rendered":"<p>Politique de confidentialit\u00e9 Date d&rsquo;entr\u00e9e en vigueur : 01 septembre 2021 Derni\u00e8re mise \u00e0 jour : 13 mai 2024 &nbsp; Cette page d\u00e9crit les modalit\u00e9s de gestion du site concernant le traitement des donn\u00e9es personnelles des utilisateurs qui le consultent, conform\u00e9ment \u00e0 l&rsquo;art.13 du d.lgs. n.196\/2003 et \u00e0 l&rsquo;art.13 du R\u00e8glement europ\u00e9en n.679\/2016. Il est [&hellip;]<\/p>\n","protected":false},"author":3,"featured_media":0,"parent":0,"menu_order":0,"comment_status":"closed","ping_status":"closed","template":"","meta":{"ocean_post_layout":"full-screen","ocean_both_sidebars_style":"","ocean_both_sidebars_content_width":0,"ocean_both_sidebars_sidebars_width":0,"ocean_sidebar":"0","ocean_second_sidebar":"0","ocean_disable_margins":"enable","ocean_add_body_class":"","ocean_shortcode_before_top_bar":"","ocean_shortcode_after_top_bar":"","ocean_shortcode_before_header":"","ocean_shortcode_after_header":"","ocean_has_shortcode":"","ocean_shortcode_after_title":"","ocean_shortcode_before_footer_widgets":"","ocean_shortcode_after_footer_widgets":"","ocean_shortcode_before_footer_bottom":"","ocean_shortcode_after_footer_bottom":"","ocean_display_top_bar":"default","ocean_display_header":"default","ocean_header_style":"","ocean_center_header_left_menu":"0","ocean_custom_header_template":"0","ocean_custom_logo":0,"ocean_custom_retina_logo":0,"ocean_custom_logo_max_width":0,"ocean_custom_logo_tablet_max_width":0,"ocean_custom_logo_mobile_max_width":0,"ocean_custom_logo_max_height":0,"ocean_custom_logo_tablet_max_height":0,"ocean_custom_logo_mobile_max_height":0,"ocean_header_custom_menu":"0","ocean_menu_typo_font_family":"0","ocean_menu_typo_font_subset":"","ocean_menu_typo_font_size":0,"ocean_menu_typo_font_size_tablet":0,"ocean_menu_typo_font_size_mobile":0,"ocean_menu_typo_font_size_unit":"px","ocean_menu_typo_font_weight":"","ocean_menu_typo_font_weight_tablet":"","ocean_menu_typo_font_weight_mobile":"","ocean_menu_typo_transform":"","ocean_menu_typo_transform_tablet":"","ocean_menu_typo_transform_mobile":"","ocean_menu_typo_line_height":0,"ocean_menu_typo_line_height_tablet":0,"ocean_menu_typo_line_height_mobile":0,"ocean_menu_typo_line_height_unit":"","ocean_menu_typo_spacing":0,"ocean_menu_typo_spacing_tablet":0,"ocean_menu_typo_spacing_mobile":0,"ocean_menu_typo_spacing_unit":"","ocean_menu_link_color":"","ocean_menu_link_color_hover":"","ocean_menu_link_color_active":"","ocean_menu_link_background":"","ocean_menu_link_hover_background":"","ocean_menu_link_active_background":"","ocean_menu_social_links_bg":"","ocean_menu_social_hover_links_bg":"","ocean_menu_social_links_color":"","ocean_menu_social_hover_links_color":"","ocean_disable_title":"default","ocean_disable_heading":"default","ocean_post_title":"","ocean_post_subheading":"","ocean_post_title_style":"","ocean_post_title_background_color":"","ocean_post_title_background":0,"ocean_post_title_bg_image_position":"","ocean_post_title_bg_image_attachment":"","ocean_post_title_bg_image_repeat":"","ocean_post_title_bg_image_size":"","ocean_post_title_height":0,"ocean_post_title_bg_overlay":0.5,"ocean_post_title_bg_overlay_color":"","ocean_disable_breadcrumbs":"default","ocean_breadcrumbs_color":"","ocean_breadcrumbs_separator_color":"","ocean_breadcrumbs_links_color":"","ocean_breadcrumbs_links_hover_color":"","ocean_display_footer_widgets":"default","ocean_display_footer_bottom":"default","ocean_custom_footer_template":"0","ofc_enable_fullscreen":"disable","ofc_fullscreen_speed":0,"ofc_fullscreen_nav":"enable","ofc_fullscreen_nav_pos":"right","ofc_fullscreen_nav_color":"","ofc_fullscreen_nav_tooltip_color":"","ofc_fullscreen_responsive":0,"footnotes":""},"class_list":["post-9041","page","type-page","status-publish","hentry","entry","owp-thumbs-layout-horizontal","owp-btn-normal","owp-tabs-layout-horizontal","has-no-thumbnails","has-product-nav"],"_links":{"self":[{"href":"https:\/\/www.euroceppi.com\/fr\/wp-json\/wp\/v2\/pages\/9041","targetHints":{"allow":["GET"]}}],"collection":[{"href":"https:\/\/www.euroceppi.com\/fr\/wp-json\/wp\/v2\/pages"}],"about":[{"href":"https:\/\/www.euroceppi.com\/fr\/wp-json\/wp\/v2\/types\/page"}],"author":[{"embeddable":true,"href":"https:\/\/www.euroceppi.com\/fr\/wp-json\/wp\/v2\/users\/3"}],"replies":[{"embeddable":true,"href":"https:\/\/www.euroceppi.com\/fr\/wp-json\/wp\/v2\/comments?post=9041"}],"version-history":[{"count":2,"href":"https:\/\/www.euroceppi.com\/fr\/wp-json\/wp\/v2\/pages\/9041\/revisions"}],"predecessor-version":[{"id":9044,"href":"https:\/\/www.euroceppi.com\/fr\/wp-json\/wp\/v2\/pages\/9041\/revisions\/9044"}],"wp:attachment":[{"href":"https:\/\/www.euroceppi.com\/fr\/wp-json\/wp\/v2\/media?parent=9041"}],"curies":[{"name":"wp","href":"https:\/\/api.w.org\/{rel}","templated":true}]}}