{"id":11006,"date":"2021-07-13T09:55:43","date_gmt":"2021-07-13T07:55:43","guid":{"rendered":"https:\/\/www.euroceppi.com\/prodotto\/ecosponsor\/"},"modified":"2021-07-13T09:55:43","modified_gmt":"2021-07-13T07:55:43","slug":"ecosponsor","status":"publish","type":"product","link":"https:\/\/www.euroceppi.com\/es\/producto\/ecosponsor\/","title":{"rendered":"Ecosponsor"},"content":{"rendered":"<p>Tabla de cortar Ecosponsor de polietileno con base de color y borde a corte de 45\u00b0. Su uso est\u00e1 permitido solo con el ecoricambio correspondiente en los colores est\u00e1ndar. Producto dise\u00f1ado para exhibir de la mejor manera a los socios en la cocina. Una vez que el ecoricambio est\u00e9 desgastado, basta con retirarlo y aplicar uno nuevo, manteniendo siempre la base intacta y, sobre todo, la superficie de trabajo limpia.<\/p>\n","protected":false},"excerpt":{"rendered":"<p>Tabla de cortar Ecosponsor de polietileno con base de color y borde cortado a 45\u00b0. Su uso est\u00e1 permitido solo con el ecoricambio adecuado en los colores est\u00e1ndar. Producto dise\u00f1ado para mostrar de la mejor manera a los socios en la cocina. Una vez que el ecoricambio est\u00e9 desgastado, basta con retirarlo y colocar uno nuevo, manteniendo la base siempre intacta y, sobre todo, asegurando que la superficie de trabajo se mantenga limpia.<\/p>\n","protected":false},"featured_media":10247,"comment_status":"closed","ping_status":"closed","template":"","meta":{"ocean_post_layout":"","ocean_both_sidebars_style":"","ocean_both_sidebars_content_width":0,"ocean_both_sidebars_sidebars_width":0,"ocean_sidebar":"0","ocean_second_sidebar":"0","ocean_disable_margins":"enable","ocean_add_body_class":"","ocean_shortcode_before_top_bar":"","ocean_shortcode_after_top_bar":"","ocean_shortcode_before_header":"","ocean_shortcode_after_header":"","ocean_has_shortcode":"","ocean_shortcode_after_title":"","ocean_shortcode_before_footer_widgets":"","ocean_shortcode_after_footer_widgets":"","ocean_shortcode_before_footer_bottom":"","ocean_shortcode_after_footer_bottom":"","ocean_display_top_bar":"default","ocean_display_header":"default","ocean_header_style":"","ocean_center_header_left_menu":"0","ocean_custom_header_template":"0","ocean_custom_logo":0,"ocean_custom_retina_logo":0,"ocean_custom_logo_max_width":0,"ocean_custom_logo_tablet_max_width":0,"ocean_custom_logo_mobile_max_width":0,"ocean_custom_logo_max_height":0,"ocean_custom_logo_tablet_max_height":0,"ocean_custom_logo_mobile_max_height":0,"ocean_header_custom_menu":"0","ocean_menu_typo_font_family":"0","ocean_menu_typo_font_subset":"","ocean_menu_typo_font_size":0,"ocean_menu_typo_font_size_tablet":0,"ocean_menu_typo_font_size_mobile":0,"ocean_menu_typo_font_size_unit":"px","ocean_menu_typo_font_weight":"","ocean_menu_typo_font_weight_tablet":"","ocean_menu_typo_font_weight_mobile":"","ocean_menu_typo_transform":"","ocean_menu_typo_transform_tablet":"","ocean_menu_typo_transform_mobile":"","ocean_menu_typo_line_height":0,"ocean_menu_typo_line_height_tablet":0,"ocean_menu_typo_line_height_mobile":0,"ocean_menu_typo_line_height_unit":"","ocean_menu_typo_spacing":0,"ocean_menu_typo_spacing_tablet":0,"ocean_menu_typo_spacing_mobile":0,"ocean_menu_typo_spacing_unit":"","ocean_menu_link_color":"","ocean_menu_link_color_hover":"","ocean_menu_link_color_active":"","ocean_menu_link_background":"","ocean_menu_link_hover_background":"","ocean_menu_link_active_background":"","ocean_menu_social_links_bg":"","ocean_menu_social_hover_links_bg":"","ocean_menu_social_links_color":"","ocean_menu_social_hover_links_color":"","ocean_disable_title":"default","ocean_disable_heading":"default","ocean_post_title":"","ocean_post_subheading":"","ocean_post_title_style":"","ocean_post_title_background_color":"","ocean_post_title_background":0,"ocean_post_title_bg_image_position":"","ocean_post_title_bg_image_attachment":"","ocean_post_title_bg_image_repeat":"","ocean_post_title_bg_image_size":"","ocean_post_title_height":0,"ocean_post_title_bg_overlay":0.5,"ocean_post_title_bg_overlay_color":"","ocean_disable_breadcrumbs":"default","ocean_breadcrumbs_color":"","ocean_breadcrumbs_separator_color":"","ocean_breadcrumbs_links_color":"","ocean_breadcrumbs_links_hover_color":"","ocean_display_footer_widgets":"default","ocean_display_footer_bottom":"default","ocean_custom_footer_template":"0","ofc_enable_fullscreen":"disable","ofc_fullscreen_speed":0,"ofc_fullscreen_nav":"enable","ofc_fullscreen_nav_pos":"right","ofc_fullscreen_nav_color":"","ofc_fullscreen_nav_tooltip_color":"","ofc_fullscreen_responsive":0},"product_cat":[211,218,210,51,37,76],"product_tag":[],"class_list":{"0":"post-11006","1":"product","2":"type-product","3":"status-publish","4":"has-post-thumbnail","6":"product_cat-tablas-de-cortar-de-polietileno","7":"product_cat-serie-eco-es","8":"product_cat-tablas-de-cortar","9":"product_cat-polietilene-2","10":"product_cat-taglieri","11":"product_cat-serie-eco","13":"entry","14":"has-media","16":"first","17":"instock","18":"shipping-taxable","19":"product-type-simple","20":"has-product-nav","21":"col","22":"span_1_of_3","23":"owp-content-center","24":"owp-thumbs-layout-horizontal","25":"owp-btn-normal","26":"owp-tabs-layout-horizontal","27":"has-no-thumbnails"},"_links":{"self":[{"href":"https:\/\/www.euroceppi.com\/es\/wp-json\/wp\/v2\/product\/11006","targetHints":{"allow":["GET"]}}],"collection":[{"href":"https:\/\/www.euroceppi.com\/es\/wp-json\/wp\/v2\/product"}],"about":[{"href":"https:\/\/www.euroceppi.com\/es\/wp-json\/wp\/v2\/types\/product"}],"replies":[{"embeddable":true,"href":"https:\/\/www.euroceppi.com\/es\/wp-json\/wp\/v2\/comments?post=11006"}],"version-history":[{"count":0,"href":"https:\/\/www.euroceppi.com\/es\/wp-json\/wp\/v2\/product\/11006\/revisions"}],"wp:featuredmedia":[{"embeddable":true,"href":"https:\/\/www.euroceppi.com\/es\/wp-json\/wp\/v2\/media\/10247"}],"wp:attachment":[{"href":"https:\/\/www.euroceppi.com\/es\/wp-json\/wp\/v2\/media?parent=11006"}],"wp:term":[{"taxonomy":"product_cat","embeddable":true,"href":"https:\/\/www.euroceppi.com\/es\/wp-json\/wp\/v2\/product_cat?post=11006"},{"taxonomy":"product_tag","embeddable":true,"href":"https:\/\/www.euroceppi.com\/es\/wp-json\/wp\/v2\/product_tag?post=11006"}],"curies":[{"name":"wp","href":"https:\/\/api.w.org\/{rel}","templated":true}]}}