{"id":10724,"date":"2024-10-28T15:56:26","date_gmt":"2024-10-28T14:56:26","guid":{"rendered":"https:\/\/www.euroceppi.com\/privacy-policy\/"},"modified":"2024-11-14T18:14:12","modified_gmt":"2024-11-14T17:14:12","slug":"privacy-policy","status":"publish","type":"page","link":"https:\/\/www.euroceppi.com\/es\/privacy-policy\/","title":{"rendered":"Privacy policy"},"content":{"rendered":"\t\t<div data-elementor-type=\"wp-post\" data-elementor-id=\"10724\" class=\"elementor elementor-10724 elementor-4757\" data-elementor-post-type=\"page\">\n\t\t\t\t\t\t<section data-particle_enable=\"false\" data-particle-mobile-disabled=\"false\" class=\"elementor-section elementor-top-section elementor-element elementor-element-2d574f1 elementor-section-full_width elementor-section-height-min-height elementor-section-stretched elementor-section-height-default elementor-section-items-middle\" data-id=\"2d574f1\" data-element_type=\"section\" data-settings=\"{&quot;stretch_section&quot;:&quot;section-stretched&quot;,&quot;background_background&quot;:&quot;classic&quot;}\">\n\t\t\t\t\t\t\t<div class=\"elementor-background-overlay\"><\/div>\n\t\t\t\t\t\t\t<div class=\"elementor-container elementor-column-gap-default\">\n\t\t\t\t\t<div class=\"elementor-column elementor-col-100 elementor-top-column elementor-element elementor-element-d0f6282 elementor-invisible\" data-id=\"d0f6282\" data-element_type=\"column\" data-settings=\"{&quot;animation&quot;:&quot;fadeIn&quot;}\">\n\t\t\t<div class=\"elementor-widget-wrap elementor-element-populated\">\n\t\t\t\t\t\t<div class=\"elementor-element elementor-element-e91d9e2 elementor-widget elementor-widget-heading\" data-id=\"e91d9e2\" data-element_type=\"widget\" data-widget_type=\"heading.default\">\n\t\t\t\t<div class=\"elementor-widget-container\">\n\t\t\t<style>\/*! elementor - v3.20.0 - 13-03-2024 *\/\n.elementor-heading-title{padding:0;margin:0;line-height:1}.elementor-widget-heading .elementor-heading-title[class*=elementor-size-]>a{color:inherit;font-size:inherit;line-height:inherit}.elementor-widget-heading .elementor-heading-title.elementor-size-small{font-size:15px}.elementor-widget-heading .elementor-heading-title.elementor-size-medium{font-size:19px}.elementor-widget-heading .elementor-heading-title.elementor-size-large{font-size:29px}.elementor-widget-heading .elementor-heading-title.elementor-size-xl{font-size:39px}.elementor-widget-heading .elementor-heading-title.elementor-size-xxl{font-size:59px}<\/style><h1 class=\"elementor-heading-title elementor-size-xxl\">Privacy policy<\/h1>\t\t<\/div>\n\t\t\t\t<\/div>\n\t\t\t\t<div class=\"elementor-element elementor-element-4d2120e elementor-widget elementor-widget-woocommerce-breadcrumb\" data-id=\"4d2120e\" data-element_type=\"widget\" data-widget_type=\"woocommerce-breadcrumb.default\">\n\t\t\t\t<div class=\"elementor-widget-container\">\n\t\t\t<link rel=\"stylesheet\" href=\"https:\/\/www.euroceppi.com\/wp-content\/plugins\/elementor-pro\/assets\/css\/widget-woocommerce.min.css\"><nav class=\"woocommerce-breadcrumb\" aria-label=\"Breadcrumb\">Home<\/nav>\t\t<\/div>\n\t\t\t\t<\/div>\n\t\t\t\t\t<\/div>\n\t\t<\/div>\n\t\t\t\t\t<\/div>\n\t\t<\/section>\n\t\t\t\t<section data-particle_enable=\"false\" data-particle-mobile-disabled=\"false\" class=\"elementor-section elementor-top-section elementor-element elementor-element-356ae53 elementor-section-boxed elementor-section-height-default elementor-section-height-default\" data-id=\"356ae53\" data-element_type=\"section\">\n\t\t\t\t\t\t<div class=\"elementor-container elementor-column-gap-default\">\n\t\t\t\t\t<div class=\"elementor-column elementor-col-100 elementor-top-column elementor-element elementor-element-fca0cc1\" data-id=\"fca0cc1\" data-element_type=\"column\">\n\t\t\t<div class=\"elementor-widget-wrap\">\n\t\t\t\t\t\t\t<\/div>\n\t\t<\/div>\n\t\t\t\t\t<\/div>\n\t\t<\/section>\n\t\t\t\t<section data-particle_enable=\"false\" data-particle-mobile-disabled=\"false\" class=\"elementor-section elementor-top-section elementor-element elementor-element-cef1536 elementor-section-content-middle elementor-section-boxed elementor-section-height-default elementor-section-height-default\" data-id=\"cef1536\" data-element_type=\"section\" id=\"first-sec\">\n\t\t\t\t\t\t<div class=\"elementor-container elementor-column-gap-default\">\n\t\t\t\t\t<div class=\"elementor-column elementor-col-100 elementor-top-column elementor-element elementor-element-ba41335 elementor-invisible\" data-id=\"ba41335\" data-element_type=\"column\" data-settings=\"{&quot;animation&quot;:&quot;fadeInLeft&quot;}\">\n\t\t\t<div class=\"elementor-widget-wrap elementor-element-populated\">\n\t\t\t\t\t\t<div class=\"elementor-element elementor-element-3ee3f3c elementor-widget elementor-widget-html\" data-id=\"3ee3f3c\" data-element_type=\"widget\" data-widget_type=\"html.default\">\n\t\t\t\t<div class=\"elementor-widget-container\">\n\t\t\t<style>\r\n    .privacy-policy-h1 {\r\n        font-size: 3em;\r\n        font-weight: 700;\r\n        margin-bottom: 20px;\r\n        margin-top: 20px;\r\n    }\r\n<\/style>\r\n\r\n<h1 class=\"privacy-policy-h1\">Pol\u00edtica de Privacidad<\/h1>\r\n<p>\r\n    Fecha de entrada en vigor: 01 de septiembre de 2021 <br \/>\r\n    \u00daltima actualizaci\u00f3n: 13 de mayo de 2024\r\n<\/p>\r\n\r\n<br \/>\r\n\r\n<p>\r\n    En esta p\u00e1gina se describen los m\u00e9todos de gesti\u00f3n del sitio en relaci\u00f3n con el tratamiento de los datos personales de los usuarios que lo consultan, de conformidad con el art. 13 del Decreto Legislativo n.196\/2003 y el art. 13 del Reglamento Europeo n.679\/2016. Se especifica que esta pol\u00edtica es aplicable exclusivamente al sitio de Euroceppi S.r.l. (https:\/\/www.euroceppi.com\/) y no a otros sitios que puedan ser visitados a trav\u00e9s de enlaces, para los cuales se remite a las respectivas pol\u00edticas de privacidad.\r\n<\/p>\r\n<p>\r\n    Es importante tener en cuenta que el portal contiene enlaces a otros sitios no gestionados por Euroceppi S.r.l., y por lo tanto la empresa declina cualquier responsabilidad respecto a errores, contenidos, cookies, publicidad, o posibles violaciones de la normativa de privacidad de dichos sitios. Para informar de fallos o abusos, puede contactar a <a href=\"mailto:info@euroceppi.com\">info@euroceppi.com<\/a>.\r\n<\/p>\r\n<p>\r\n    La presente Pol\u00edtica de Privacidad detalla las pol\u00edticas de Euroceppi S.r.l. en cuanto a la recopilaci\u00f3n, uso y divulgaci\u00f3n de informaci\u00f3n de los usuarios del sitio https:\/\/www.euroceppi.com. El acceso o uso del servicio implica la aceptaci\u00f3n de esta pol\u00edtica.\r\n<\/p>\r\n<p>\r\n    Se advierte que la Pol\u00edtica de Privacidad puede ser modificada, y las actualizaciones ser\u00e1n publicadas en el sitio y se har\u00e1n efectivas 180 d\u00edas despu\u00e9s de su publicaci\u00f3n. Se recomienda al usuario revisar peri\u00f3dicamente esta Pol\u00edtica.\r\n<\/p>\r\n\r\n<h5>EL \u201cTITULAR\u201d DEL TRATAMIENTO<\/h5>\r\n<p>\r\n    A ra\u00edz de la consulta de este sitio pueden ser tratados datos de personas identificadas o identificables. El \u201ctitular\u201d de su tratamiento es Euroceppi S.r.l., con sede legal y operativa en Via Dante Alighieri, 56 \u2013 24040 Stezzano (BG) - Italia.\r\n<\/p>\r\n\r\n<h5>LUGAR DE TRATAMIENTO DE LOS DATOS<\/h5>\r\n<p>\r\n    Los tratamientos relacionados con los servicios web ofrecidos por este sitio se llevan a cabo en la sede de la Sociedad operativa del titular del tratamiento y son realizados solo por empleados, colaboradores o socios de Euroceppi S.r.l. autorizados para el tratamiento, o, si es necesario, por socios, empleados y colaboradores de empresas asociadas o participadas por Euroceppi S.r.l., o por encargados de operaciones ocasionales de mantenimiento, bajo la estricta supervisi\u00f3n del Titular del tratamiento. Ning\u00fan dato derivado del servicio web se comunica o divulga a terceros. Los datos personales proporcionados por los usuarios que acceden al servicio se utilizan \u00fanicamente con el fin de llevar a cabo el servicio solicitado y se comunican a terceros solo si es necesario para dicho fin.\r\n<\/p>\r\n\r\n<h5>TIPOS DE DATOS TRATADOS<\/h5>\r\n<p>\r\n    Datos de navegaci\u00f3n. <br \/>\r\n    Los sistemas inform\u00e1ticos y los procedimientos software encargados del funcionamiento de este sitio web adquieren, en el curso de su funcionamiento normal, algunos datos personales cuya transmisi\u00f3n es impl\u00edcita en el uso de los protocolos de comunicaci\u00f3n de Internet. <br \/>\r\n    Se trata de informaci\u00f3n que no se recopila para asociarla a interesados identificados, pero que, por su propia naturaleza, podr\u00eda permitir la identificaci\u00f3n de los usuarios a trav\u00e9s de procesamientos y asociaciones con datos mantenidos por terceros. <br \/>\r\n    En esta categor\u00eda de datos se incluyen las direcciones IP o los nombres de dominio de los ordenadores utilizados por los usuarios que se conectan al sitio, las direcciones en notaci\u00f3n URI (Uniform Resource Identifier) de los recursos solicitados, la hora de la solicitud, el m\u00e9todo utilizado para realizar la solicitud al servidor, el tama\u00f1o del archivo obtenido en respuesta, el c\u00f3digo num\u00e9rico que indica el estado de la respuesta dada por el servidor (correcto, error, etc.) y otros par\u00e1metros relacionados con el sistema operativo y el entorno inform\u00e1tico del usuario. <br \/>\r\n    Estos datos se utilizan \u00fanicamente con el fin de obtener informaci\u00f3n estad\u00edstica an\u00f3nima sobre el uso del sitio y para comprobar su correcto funcionamiento, y se eliminan inmediatamente despu\u00e9s del procesamiento. <br \/>\r\n    Los datos en cuesti\u00f3n podr\u00edan utilizarse para determinar responsabilidades en caso de delitos inform\u00e1ticos que da\u00f1en nuestro sitio. <br \/>\r\n    Adem\u00e1s, podr\u00e1n ser comunicados, a solicitud de las autoridades p\u00fablicas y administraciones del Estado, para fines relacionados con el cumplimiento de obligaciones legales, por motivos de investigaci\u00f3n, verificaci\u00f3n y represi\u00f3n de infracciones administrativas, fiscales, contables, tributarias y penales.\r\n<\/p>\r\n\r\n<h5>DATOS PROPORCIONADOS VOLUNTARIAMENTE POR EL USUARIO<\/h5>\r\n<p>\r\n    El env\u00edo voluntario y expl\u00edcito de correos electr\u00f3nicos a las direcciones indicadas en este sitio implica la adquisici\u00f3n posterior de la direcci\u00f3n del remitente, necesaria para responder a las solicitudes, as\u00ed como de los dem\u00e1s datos personales incluidos en el mensaje. <br \/>\r\n    Se proporcionar\u00e1n res\u00famenes informativos en las p\u00e1ginas del sitio preparadas para servicios particulares a solicitud. <br \/>\r\n    Invitamos a nuestros usuarios a respetar el principio de necesidad y minimizaci\u00f3n de datos en sus solicitudes de servicios o consultas y, por lo tanto, a no enviar nombres u otros datos personales de terceros que no sean estrictamente necesarios.\r\n<\/p>\r\n\r\n<h5>COOKIES<\/h5>\r\n<p>\r\n    Para obtener m\u00e1s informaci\u00f3n sobre el uso y las opciones del usuario en relaci\u00f3n con estas tecnolog\u00edas de seguimiento, consulte nuestra <a href=\"https:\/\/www.euroceppi.com\/es\/cookie-policy\/\">Pol\u00edtica de Cookies<\/a>.\r\n<\/p>\r\n\r\n<h5>SEGURIDAD<\/h5>\r\n<p>\r\n    La seguridad de su informaci\u00f3n es importante para nosotros y utilizaremos medidas de seguridad razonables para prevenir la p\u00e9rdida, el uso indebido o la alteraci\u00f3n no autorizada de su informaci\u00f3n bajo nuestro control. Sin embargo, debido a los riesgos inherentes, no podemos garantizar la seguridad absoluta y, en consecuencia, no podemos asegurar la seguridad de la informaci\u00f3n que nos transmite, por lo que lo hace bajo su propio riesgo.\r\n<\/p>\r\n\r\n<h5>RESPONSABLE DE RECLAMOS Y PROTECCI\u00d3N DE DATOS<\/h5>\r\n<p>\r\n    Si tiene preguntas o preocupaciones sobre el tratamiento de su informaci\u00f3n disponible con nosotros, puede enviar un correo electr\u00f3nico a <a href=\"mailto:info@euroceppi.com\">info@euroceppi.com<\/a>. Atenderemos sus preocupaciones de acuerdo con la ley aplicable.\r\n<\/p>\r\n\t\t<\/div>\n\t\t\t\t<\/div>\n\t\t\t\t\t<\/div>\n\t\t<\/div>\n\t\t\t\t\t<\/div>\n\t\t<\/section>\n\t\t\t\t<\/div>\n\t\t","protected":false},"excerpt":{"rendered":"<p>Pol\u00edtica de Privacidad Fecha de entrada en vigor: 01 de septiembre de 2021 \u00daltima actualizaci\u00f3n: 13 de mayo de 2024 En esta p\u00e1gina se describen los m\u00e9todos de gesti\u00f3n del sitio en relaci\u00f3n con el tratamiento de los datos personales de los usuarios que lo consultan, de conformidad con el art. 13 del Decreto Legislativo [&hellip;]<\/p>\n","protected":false},"author":3,"featured_media":0,"parent":0,"menu_order":0,"comment_status":"closed","ping_status":"closed","template":"","meta":{"ocean_post_layout":"full-screen","ocean_both_sidebars_style":"","ocean_both_sidebars_content_width":0,"ocean_both_sidebars_sidebars_width":0,"ocean_sidebar":"0","ocean_second_sidebar":"0","ocean_disable_margins":"enable","ocean_add_body_class":"","ocean_shortcode_before_top_bar":"","ocean_shortcode_after_top_bar":"","ocean_shortcode_before_header":"","ocean_shortcode_after_header":"","ocean_has_shortcode":"","ocean_shortcode_after_title":"","ocean_shortcode_before_footer_widgets":"","ocean_shortcode_after_footer_widgets":"","ocean_shortcode_before_footer_bottom":"","ocean_shortcode_after_footer_bottom":"","ocean_display_top_bar":"default","ocean_display_header":"default","ocean_header_style":"","ocean_center_header_left_menu":"0","ocean_custom_header_template":"0","ocean_custom_logo":0,"ocean_custom_retina_logo":0,"ocean_custom_logo_max_width":0,"ocean_custom_logo_tablet_max_width":0,"ocean_custom_logo_mobile_max_width":0,"ocean_custom_logo_max_height":0,"ocean_custom_logo_tablet_max_height":0,"ocean_custom_logo_mobile_max_height":0,"ocean_header_custom_menu":"0","ocean_menu_typo_font_family":"0","ocean_menu_typo_font_subset":"","ocean_menu_typo_font_size":0,"ocean_menu_typo_font_size_tablet":0,"ocean_menu_typo_font_size_mobile":0,"ocean_menu_typo_font_size_unit":"px","ocean_menu_typo_font_weight":"","ocean_menu_typo_font_weight_tablet":"","ocean_menu_typo_font_weight_mobile":"","ocean_menu_typo_transform":"","ocean_menu_typo_transform_tablet":"","ocean_menu_typo_transform_mobile":"","ocean_menu_typo_line_height":0,"ocean_menu_typo_line_height_tablet":0,"ocean_menu_typo_line_height_mobile":0,"ocean_menu_typo_line_height_unit":"","ocean_menu_typo_spacing":0,"ocean_menu_typo_spacing_tablet":0,"ocean_menu_typo_spacing_mobile":0,"ocean_menu_typo_spacing_unit":"","ocean_menu_link_color":"","ocean_menu_link_color_hover":"","ocean_menu_link_color_active":"","ocean_menu_link_background":"","ocean_menu_link_hover_background":"","ocean_menu_link_active_background":"","ocean_menu_social_links_bg":"","ocean_menu_social_hover_links_bg":"","ocean_menu_social_links_color":"","ocean_menu_social_hover_links_color":"","ocean_disable_title":"default","ocean_disable_heading":"default","ocean_post_title":"","ocean_post_subheading":"","ocean_post_title_style":"","ocean_post_title_background_color":"","ocean_post_title_background":0,"ocean_post_title_bg_image_position":"","ocean_post_title_bg_image_attachment":"","ocean_post_title_bg_image_repeat":"","ocean_post_title_bg_image_size":"","ocean_post_title_height":0,"ocean_post_title_bg_overlay":0.5,"ocean_post_title_bg_overlay_color":"","ocean_disable_breadcrumbs":"default","ocean_breadcrumbs_color":"","ocean_breadcrumbs_separator_color":"","ocean_breadcrumbs_links_color":"","ocean_breadcrumbs_links_hover_color":"","ocean_display_footer_widgets":"default","ocean_display_footer_bottom":"default","ocean_custom_footer_template":"0","ofc_enable_fullscreen":"disable","ofc_fullscreen_speed":0,"ofc_fullscreen_nav":"enable","ofc_fullscreen_nav_pos":"right","ofc_fullscreen_nav_color":"","ofc_fullscreen_nav_tooltip_color":"","ofc_fullscreen_responsive":0,"footnotes":""},"class_list":["post-10724","page","type-page","status-publish","hentry","entry","owp-thumbs-layout-horizontal","owp-btn-normal","owp-tabs-layout-horizontal","has-no-thumbnails","has-product-nav"],"_links":{"self":[{"href":"https:\/\/www.euroceppi.com\/es\/wp-json\/wp\/v2\/pages\/10724","targetHints":{"allow":["GET"]}}],"collection":[{"href":"https:\/\/www.euroceppi.com\/es\/wp-json\/wp\/v2\/pages"}],"about":[{"href":"https:\/\/www.euroceppi.com\/es\/wp-json\/wp\/v2\/types\/page"}],"author":[{"embeddable":true,"href":"https:\/\/www.euroceppi.com\/es\/wp-json\/wp\/v2\/users\/3"}],"replies":[{"embeddable":true,"href":"https:\/\/www.euroceppi.com\/es\/wp-json\/wp\/v2\/comments?post=10724"}],"version-history":[{"count":9,"href":"https:\/\/www.euroceppi.com\/es\/wp-json\/wp\/v2\/pages\/10724\/revisions"}],"predecessor-version":[{"id":11229,"href":"https:\/\/www.euroceppi.com\/es\/wp-json\/wp\/v2\/pages\/10724\/revisions\/11229"}],"wp:attachment":[{"href":"https:\/\/www.euroceppi.com\/es\/wp-json\/wp\/v2\/media?parent=10724"}],"curies":[{"name":"wp","href":"https:\/\/api.w.org\/{rel}","templated":true}]}}